{"id":1417,"date":"2023-02-13T18:06:54","date_gmt":"2023-02-13T18:06:54","guid":{"rendered":"https:\/\/www.ei-automazioni.it\/?page_id=1417"},"modified":"2023-02-13T18:18:42","modified_gmt":"2023-02-13T18:18:42","slug":"lavora-con-noi-elettricista-cablatore","status":"publish","type":"page","link":"https:\/\/www.ei-automazioni.it\/en\/lavora-con-noi-elettricista-cablatore\/","title":{"rendered":"Lavora con noi &#8211; Elettricista cablatore"},"content":{"rendered":"<div data-elementor-type=\"wp-page\" data-elementor-id=\"1417\" class=\"elementor elementor-1417\">\n\t\t\t\t\t\t<section class=\"elementor-section elementor-top-section elementor-element elementor-element-053de3b elementor-section-boxed elementor-section-height-default elementor-section-height-default\" data-id=\"053de3b\" data-element_type=\"section\">\n\t\t\t\t\t\t<div class=\"elementor-container elementor-column-gap-default\">\n\t\t\t\t\t<div class=\"elementor-column elementor-col-25 elementor-top-column elementor-element elementor-element-5316010\" data-id=\"5316010\" data-element_type=\"column\">\n\t\t\t<div class=\"elementor-widget-wrap elementor-element-populated\">\n\t\t\t\t\t\t<div class=\"elementor-element elementor-element-09377ac elementor-widget elementor-widget-image\" data-id=\"09377ac\" data-element_type=\"widget\" data-widget_type=\"image.default\">\n\t\t\t\t<div class=\"elementor-widget-container\">\n\t\t\t\t\t\t\t\t\t\t\t\t\t\t\t\t<a href=\"http:\/\/www.ei-automazioni.it\/en\/\">\n\t\t\t\t\t\t\t<img fetchpriority=\"high\" decoding=\"async\" width=\"1024\" height=\"304\" src=\"https:\/\/www.ei-automazioni.it\/wp-content\/uploads\/2021\/06\/cropped-logo-def-1-1024x304.png\" class=\"attachment-large size-large wp-image-270\" alt=\"\" srcset=\"https:\/\/www.ei-automazioni.it\/wp-content\/uploads\/2021\/06\/cropped-logo-def-1-1024x304.png 1024w, https:\/\/www.ei-automazioni.it\/wp-content\/uploads\/2021\/06\/cropped-logo-def-1-300x89.png 300w, https:\/\/www.ei-automazioni.it\/wp-content\/uploads\/2021\/06\/cropped-logo-def-1-768x228.png 768w, https:\/\/www.ei-automazioni.it\/wp-content\/uploads\/2021\/06\/cropped-logo-def-1-16x5.png 16w, https:\/\/www.ei-automazioni.it\/wp-content\/uploads\/2021\/06\/cropped-logo-def-1.png 1426w\" sizes=\"(max-width: 1024px) 100vw, 1024px\" \/>\t\t\t\t\t\t\t\t<\/a>\n\t\t\t\t\t\t\t\t\t\t\t\t\t\t\t<\/div>\n\t\t\t\t<\/div>\n\t\t\t\t\t<\/div>\n\t\t<\/div>\n\t\t\t\t<div class=\"elementor-column elementor-col-25 elementor-top-column elementor-element elementor-element-34fcdec\" data-id=\"34fcdec\" data-element_type=\"column\">\n\t\t\t<div class=\"elementor-widget-wrap\">\n\t\t\t\t\t\t\t<\/div>\n\t\t<\/div>\n\t\t\t\t<div class=\"elementor-column elementor-col-25 elementor-top-column elementor-element elementor-element-ace4b19\" data-id=\"ace4b19\" data-element_type=\"column\">\n\t\t\t<div class=\"elementor-widget-wrap\">\n\t\t\t\t\t\t\t<\/div>\n\t\t<\/div>\n\t\t\t\t<div class=\"elementor-column elementor-col-25 elementor-top-column elementor-element elementor-element-c737e2b\" data-id=\"c737e2b\" data-element_type=\"column\">\n\t\t\t<div class=\"elementor-widget-wrap\">\n\t\t\t\t\t\t\t<\/div>\n\t\t<\/div>\n\t\t\t\t\t<\/div>\n\t\t<\/section>\n\t\t\t\t<section class=\"elementor-section elementor-top-section elementor-element elementor-element-175a7ee elementor-section-boxed elementor-section-height-default elementor-section-height-default\" data-id=\"175a7ee\" data-element_type=\"section\">\n\t\t\t\t\t\t<div class=\"elementor-container elementor-column-gap-default\">\n\t\t\t\t\t<div class=\"elementor-column elementor-col-100 elementor-top-column elementor-element elementor-element-8130f34\" data-id=\"8130f34\" data-element_type=\"column\">\n\t\t\t<div class=\"elementor-widget-wrap elementor-element-populated\">\n\t\t\t\t\t\t<div class=\"elementor-element elementor-element-c864911 elementor-widget elementor-widget-text-editor\" data-id=\"c864911\" data-element_type=\"widget\" data-widget_type=\"text-editor.default\">\n\t\t\t\t<div class=\"elementor-widget-container\">\n\t\t\t\t\t\t\t\t\t<h1><span style=\"color: #000000;\">ELETTRICISTA CABLATORE<\/span><\/h1>\n<p><span style=\"font-weight: 400;\"><br>Elettroimpianti \u00e8 un&#8217;azienda specializzata nella realizzazione di&nbsp;sistemi di automazione industriale, quadri elettrici ed impianti a bordo macchina&nbsp;destinati ad ogni settore produttivo,&nbsp;dal&nbsp;legno alla minuteria meccanica, dall&#8217;alimentare al cartone, dalla lavorazione dell&#8217;oro all&#8217;estrusione dell&#8217;alluminio.<\/span><\/p>\n<p><span style=\"font-weight: 400;\">Dal 1979 opera nella dinamica realt\u00e0 imprenditoriale del nord est in un&#8217;ottica di partnership con le imprese del territorio.<\/span><\/p>\n<p><span style=\"font-weight: 400;\">LA POSIZIONE DI ELETTRICISTA CABLATORE<\/span><\/p>\n<p><span style=\"font-weight: 400;\">La risorsa verr\u00e0 inserita all&#8217;interno del nostro team di elettricisti, \u00e8 svolger\u00e0 il proprio lavoro nella nostra officina di Santa Lucia di Piave. Saltuariamente potranno essere richieste brevi trasferte in italia o all&#8217;estero.&nbsp;<\/span><\/p><p><span style=\"font-weight: 400;\">Il candidato dovr\u00e0 avere una&nbsp;conoscenza base di elettrotecnica e di automazione industriale e avere esperienza, anche minima, nel cablaggio e nell&#8217;uso di cassetta attrezzi e utensili vari.<\/span><\/p>\n<p><span style=\"font-size: 14px; font-weight: 400;\">Possono essere considerate&nbsp;<\/span><span lang=\"IT-IT\" xml:lang=\"IT-IT\" data-contrast=\"none\" style=\"font-size: 14px; font-style: normal; font-variant: no-common-ligatures no-discretionary-ligatures no-historical-ligatures no-contextual; font-weight: 400; background: none 0% 0% \/ auto repeat scroll padding-box border-box rgba(0, 0, 0, 0); accent-color: auto; place-content: normal; place-items: normal; place-self: auto; alignment-baseline: auto; animation: 0s ease 0s 1 normal none running none; app-region: none; appearance: none; aspect-ratio: auto; backdrop-filter: none; backface-visibility: visible; background-blend-mode: normal; baseline-shift: 0px; border-image: none 100% \/ 1 \/ 0 stretch; border-color: rgb(74, 74, 74); border-collapse: separate; border-end-end-radius: 0px; border-end-start-radius: 0px; border-style: none; border-spacing: 0px; border-start-end-radius: 0px; border-start-start-radius: 0px; border-radius: 0px; inset: auto; box-shadow: none; box-sizing: content-box; break-after: auto; break-before: auto; break-inside: auto; buffered-rendering: auto; caption-side: top; caret-color: rgb(74, 74, 74); clear: none; clip: auto; clip-path: none; clip-rule: nonzero; color-interpolation: srgb; color-interpolation-filters: linearrgb; color-rendering: auto; color-scheme: normal; columns: auto auto; column-fill: balance; gap: normal; column-rule: 0px none rgb(74, 74, 74); column-span: none; contain: none; contain-intrinsic-block-size: none; contain-intrinsic-size: none; contain-intrinsic-inline-size: none; container: none; content: normal; content-visibility: visible; counter-increment: none; counter-reset: none; counter-set: none; cursor: text; cx: 0px; cy: 0px; d: none; direction: ltr; display: inline; dominant-baseline: auto; empty-cells: show; fill: rgb(0, 0, 0); fill-opacity: 1; fill-rule: nonzero; filter: none; flex: 0 1 auto; flex-flow: row nowrap; float: none; flood-color: rgb(0, 0, 0); flood-opacity: 1; font-family: WordVisi_MSFontService, &quot;Open Sans&quot;, &quot;Open Sans_EmbeddedFont&quot;, &quot;Open Sans_MSFontService&quot;, sans-serif; font-feature-settings: normal; font-kerning: none; font-optical-sizing: auto; font-palette: normal; font-stretch: 100%; font-synthesis: weight style small-caps; font-variation-settings: normal; forced-color-adjust: auto; grid-area: auto \/ auto \/ auto \/ auto; grid: auto-flow auto \/ none; height: auto; hyphenate-character: auto; hyphenate-limit-chars: auto; hyphens: manual; image-orientation: from-image; image-rendering: auto; inline-size: auto; inset-block: auto; inset-inline: auto; isolation: auto; lighting-color: rgb(255, 255, 255); line-break: auto; line-height: 17.2667px; list-style: outside none disc; marker: none; mask: none; mask-type: luminance; math-depth: 0; math-shift: normal; math-style: normal; max-height: none; max-width: none; min-height: 0px; min-width: 0px; mix-blend-mode: normal; object-fit: fill; object-position: 50% 50%; object-view-box: none; offset: none 0px auto 0deg; opacity: 1; order: 0; outline-color: rgb(74, 74, 74); outline-style: none; outline-offset: 0px; overflow: visible; overflow-anchor: auto; overflow-clip-margin: 0px; overflow-wrap: break-word; overscroll-behavior-block: auto; overscroll-behavior-inline: auto; overscroll-behavior: auto; page: auto; paint-order: normal; perspective: none; perspective-origin: 0px 0px; pointer-events: auto; position: static; quotes: auto; r: 0px; resize: none; rotate: none; ruby-position: over; rx: auto; ry: auto; scale: none; scroll-behavior: auto; scroll-margin-block: 0px; scroll-margin: 0px; scroll-margin-inline: 0px; scroll-padding-block: auto; scroll-padding: auto; scroll-padding-inline: auto; scroll-snap-align: none; scroll-snap-stop: normal; scroll-snap-type: none; scrollbar-gutter: auto; shape-image-threshold: 0; shape-margin: 0px; shape-outside: none; shape-rendering: auto; speak: normal; stop-color: rgb(0, 0, 0); stop-opacity: 1; stroke: none; stroke-dasharray: none; stroke-dashoffset: 0px; stroke-linecap: butt; stroke-linejoin: miter; stroke-miterlimit: 4; stroke-opacity: 1; stroke-width: 1px; tab-size: 8; table-layout: auto; text-align-last: auto; text-anchor: start; text-combine-upright: none; text-decoration-style: solid; text-decoration-color: rgb(74, 74, 74); text-decoration-skip-ink: auto; text-emphasis: none rgb(74, 74, 74); text-emphasis-position: over; text-orientation: mixed; text-overflow: clip; text-rendering: auto; text-shadow: none; text-size-adjust: auto; text-underline-offset: auto; text-underline-position: auto; touch-action: auto; transform: none; transform-box: view-box; transform-origin: 0px 0px; transform-style: flat; transition: all 0s ease 0s; translate: none; unicode-bidi: normal; user-select: text; vector-effect: none; visibility: visible; border-block-end: 0px none rgb(74, 74, 74); border-block-start: 0px none rgb(74, 74, 74); border-inline-end: 0px none rgb(74, 74, 74); -webkit-border-image: none; border-inline-start: 0px none rgb(74, 74, 74); -webkit-box-align: stretch; -webkit-box-decoration-break: slice; -webkit-box-direction: normal; -webkit-box-flex: 0; -webkit-box-ordinal-group: 1; -webkit-box-orient: horizontal; -webkit-box-pack: start; -webkit-font-smoothing: auto; -webkit-highlight: none; -webkit-line-break: auto; -webkit-locale: &quot;it-IT&quot;; block-size: auto; margin-block: 0px; margin-inline: 0px; -webkit-mask-box-image-source: none; -webkit-mask-box-image-slice: 0 fill; -webkit-mask-box-image-width: auto; -webkit-mask-box-image-outset: 0; -webkit-mask-box-image-repeat: stretch; -webkit-mask: none 0% 0% \/ auto repeat border-box border-box; -webkit-mask-composite: source-over; max-block-size: none; max-inline-size: none; min-block-size: 0px; min-inline-size: 0px; padding-block: 0px; padding-inline: 0px; -webkit-print-color-adjust: economy; -webkit-rtl-ordering: logical; -webkit-ruby-position: before; -webkit-tap-highlight-color: rgba(0, 0, 0, 0); -webkit-text-combine: none; -webkit-text-fill-color: rgb(74, 74, 74); -webkit-text-orientation: vertical-right; -webkit-text-security: none; -webkit-text-stroke-color: rgb(74, 74, 74); -webkit-user-drag: none; -webkit-user-modify: read-only; -webkit-writing-mode: horizontal-tb; white-space: pre-wrap; width: auto; will-change: auto; word-break: normal; writing-mode: horizontal-tb; x: 0px; y: 0px; z-index: auto; zoom: 1;\">candidature con esperienza minima o&nbsp;medio-alta, da discutere in fase di colloquio<\/span><span style=\"font-size: 14px; font-weight: 400;\">.<\/span><br><\/p>\n<p><span style=\"font-weight: 400;\">REQUISITI MINIMI:<\/span><\/p>\n<ul>\n<li style=\"font-weight: 400;\" aria-level=\"1\"><span style=\"font-weight: 400;\">Diploma con indirizzo elettrotecnico o affini, o esperienza lavorativa nel settore<\/span><\/li>\n<li style=\"font-weight: 400;\" aria-level=\"1\"><span style=\"font-weight: 400;\">Capacit\u00e0 di lettura e comprensione di schemi elettrici<\/span><\/li>\n<li style=\"font-weight: 400;\" aria-level=\"1\"><span style=\"font-weight: 400;\">Disponibilit\u00e0 per brevi e saltuarie trasferte in Italia e all&#8217;estero<\/span><\/li>\n<li style=\"font-weight: 400;\" aria-level=\"1\">Patente tipo B<\/li>\n<\/ul>\n<div>&nbsp;<\/div>\n<div>Per candidarti scrivi a <a href=\"mailto:info@ei-automazioni.it\"><b>info@ei-automazioni.it<\/b><\/a><\/div>\n<div>&nbsp;<\/div>\n<div>&nbsp;<\/div>\t\t\t\t\t\t\t\t<\/div>\n\t\t\t\t<\/div>\n\t\t\t\t\t<\/div>\n\t\t<\/div>\n\t\t\t\t\t<\/div>\n\t\t<\/section>\n\t\t\t\t<\/div>","protected":false},"excerpt":{"rendered":"<p>ELETTRICISTA CABLATORE Elettroimpianti \u00e8 un&#8217;azienda specializzata nella realizzazione di&nbsp;sistemi di automazione industriale, quadri elettrici ed impianti a bordo macchina&nbsp;destinati ad ogni settore produttivo,&nbsp;dal&nbsp;legno alla minuteria meccanica, dall&#8217;alimentare al cartone, dalla lavorazione dell&#8217;oro all&#8217;estrusione dell&#8217;alluminio. Dal 1979 opera nella dinamica realt\u00e0 imprenditoriale del nord est in un&#8217;ottica di partnership con le imprese del territorio. LA POSIZIONE [&hellip;]<\/p>","protected":false},"author":2,"featured_media":0,"parent":0,"menu_order":0,"comment_status":"closed","ping_status":"closed","template":"templates\/landing.php","meta":{"_monsterinsights_skip_tracking":false,"_monsterinsights_sitenote_active":false,"_monsterinsights_sitenote_note":"","_monsterinsights_sitenote_category":0,"_uf_show_specific_survey":0,"_uf_disable_surveys":false,"footnotes":""},"class_list":["post-1417","page","type-page","status-publish","hentry","entry"],"yoast_head":"<!-- This site is optimized with the Yoast SEO plugin v26.5 - https:\/\/yoast.com\/wordpress\/plugins\/seo\/ -->\n<title>Lavora con noi - Elettricista cablatore - Elettroimpianti<\/title>\n<meta name=\"robots\" content=\"index, follow, max-snippet:-1, max-image-preview:large, max-video-preview:-1\" \/>\n<link rel=\"canonical\" href=\"https:\/\/www.ei-automazioni.it\/en\/lavora-con-noi-elettricista-cablatore\/\" \/>\n<meta property=\"og:locale\" content=\"en_GB\" \/>\n<meta property=\"og:type\" content=\"article\" \/>\n<meta property=\"og:title\" content=\"Lavora con noi - Elettricista cablatore - Elettroimpianti\" \/>\n<meta property=\"og:description\" content=\"ELETTRICISTA CABLATORE Elettroimpianti \u00e8 un&#8217;azienda specializzata nella realizzazione di&nbsp;sistemi di automazione industriale, quadri elettrici ed impianti a bordo macchina&nbsp;destinati ad ogni settore produttivo,&nbsp;dal&nbsp;legno alla minuteria meccanica, dall&#8217;alimentare al cartone, dalla lavorazione dell&#8217;oro all&#8217;estrusione dell&#8217;alluminio. Dal 1979 opera nella dinamica realt\u00e0 imprenditoriale del nord est in un&#8217;ottica di partnership con le imprese del territorio. LA POSIZIONE [&hellip;]\" \/>\n<meta property=\"og:url\" content=\"https:\/\/www.ei-automazioni.it\/en\/lavora-con-noi-elettricista-cablatore\/\" \/>\n<meta property=\"og:site_name\" content=\"Elettroimpianti\" \/>\n<meta property=\"article:modified_time\" content=\"2023-02-13T18:18:42+00:00\" \/>\n<meta property=\"og:image\" content=\"https:\/\/www.ei-automazioni.it\/wp-content\/uploads\/2021\/06\/cropped-logo-def-1-1024x304.png\" \/>\n<meta name=\"twitter:card\" content=\"summary_large_image\" \/>\n<meta name=\"twitter:label1\" content=\"Estimated reading time\" \/>\n\t<meta name=\"twitter:data1\" content=\"2 minutes\" \/>\n<script type=\"application\/ld+json\" class=\"yoast-schema-graph\">{\"@context\":\"https:\/\/schema.org\",\"@graph\":[{\"@type\":\"WebPage\",\"@id\":\"https:\/\/www.ei-automazioni.it\/lavora-con-noi-elettricista-cablatore\/\",\"url\":\"https:\/\/www.ei-automazioni.it\/lavora-con-noi-elettricista-cablatore\/\",\"name\":\"Lavora con noi - Elettricista cablatore - Elettroimpianti\",\"isPartOf\":{\"@id\":\"https:\/\/www.ei-automazioni.it\/#website\"},\"primaryImageOfPage\":{\"@id\":\"https:\/\/www.ei-automazioni.it\/lavora-con-noi-elettricista-cablatore\/#primaryimage\"},\"image\":{\"@id\":\"https:\/\/www.ei-automazioni.it\/lavora-con-noi-elettricista-cablatore\/#primaryimage\"},\"thumbnailUrl\":\"https:\/\/www.ei-automazioni.it\/wp-content\/uploads\/2021\/06\/cropped-logo-def-1-1024x304.png\",\"datePublished\":\"2023-02-13T18:06:54+00:00\",\"dateModified\":\"2023-02-13T18:18:42+00:00\",\"breadcrumb\":{\"@id\":\"https:\/\/www.ei-automazioni.it\/lavora-con-noi-elettricista-cablatore\/#breadcrumb\"},\"inLanguage\":\"en-GB\",\"potentialAction\":[{\"@type\":\"ReadAction\",\"target\":[\"https:\/\/www.ei-automazioni.it\/lavora-con-noi-elettricista-cablatore\/\"]}]},{\"@type\":\"ImageObject\",\"inLanguage\":\"en-GB\",\"@id\":\"https:\/\/www.ei-automazioni.it\/lavora-con-noi-elettricista-cablatore\/#primaryimage\",\"url\":\"https:\/\/www.ei-automazioni.it\/wp-content\/uploads\/2021\/06\/cropped-logo-def-1-1024x304.png\",\"contentUrl\":\"https:\/\/www.ei-automazioni.it\/wp-content\/uploads\/2021\/06\/cropped-logo-def-1-1024x304.png\"},{\"@type\":\"BreadcrumbList\",\"@id\":\"https:\/\/www.ei-automazioni.it\/lavora-con-noi-elettricista-cablatore\/#breadcrumb\",\"itemListElement\":[{\"@type\":\"ListItem\",\"position\":1,\"name\":\"Home\",\"item\":\"https:\/\/www.ei-automazioni.it\/\"},{\"@type\":\"ListItem\",\"position\":2,\"name\":\"Lavora con noi &#8211; Elettricista cablatore\"}]},{\"@type\":\"WebSite\",\"@id\":\"https:\/\/www.ei-automazioni.it\/#website\",\"url\":\"https:\/\/www.ei-automazioni.it\/\",\"name\":\"Elettroimpianti\",\"description\":\"Automazione industriale, quadri elettrici e impianti a bordo macchina\",\"publisher\":{\"@id\":\"https:\/\/www.ei-automazioni.it\/#organization\"},\"potentialAction\":[{\"@type\":\"SearchAction\",\"target\":{\"@type\":\"EntryPoint\",\"urlTemplate\":\"https:\/\/www.ei-automazioni.it\/?s={search_term_string}\"},\"query-input\":{\"@type\":\"PropertyValueSpecification\",\"valueRequired\":true,\"valueName\":\"search_term_string\"}}],\"inLanguage\":\"en-GB\"},{\"@type\":\"Organization\",\"@id\":\"https:\/\/www.ei-automazioni.it\/#organization\",\"name\":\"Elettroimpianti S.A.S. di Piovesana Giorgio & C.\",\"url\":\"https:\/\/www.ei-automazioni.it\/\",\"logo\":{\"@type\":\"ImageObject\",\"inLanguage\":\"en-GB\",\"@id\":\"https:\/\/www.ei-automazioni.it\/#\/schema\/logo\/image\/\",\"url\":\"https:\/\/www.ei-automazioni.it\/wp-content\/uploads\/2021\/06\/cropped-logo-def-1.png\",\"contentUrl\":\"https:\/\/www.ei-automazioni.it\/wp-content\/uploads\/2021\/06\/cropped-logo-def-1.png\",\"width\":1426,\"height\":423,\"caption\":\"Elettroimpianti S.A.S. di Piovesana Giorgio & C.\"},\"image\":{\"@id\":\"https:\/\/www.ei-automazioni.it\/#\/schema\/logo\/image\/\"}}]}<\/script>\n<!-- \/ Yoast SEO plugin. -->","yoast_head_json":{"title":"Lavora con noi - Elettricista cablatore - Elettroimpianti","robots":{"index":"index","follow":"follow","max-snippet":"max-snippet:-1","max-image-preview":"max-image-preview:large","max-video-preview":"max-video-preview:-1"},"canonical":"https:\/\/www.ei-automazioni.it\/en\/lavora-con-noi-elettricista-cablatore\/","og_locale":"en_GB","og_type":"article","og_title":"Lavora con noi - Elettricista cablatore - Elettroimpianti","og_description":"ELETTRICISTA CABLATORE Elettroimpianti \u00e8 un&#8217;azienda specializzata nella realizzazione di&nbsp;sistemi di automazione industriale, quadri elettrici ed impianti a bordo macchina&nbsp;destinati ad ogni settore produttivo,&nbsp;dal&nbsp;legno alla minuteria meccanica, dall&#8217;alimentare al cartone, dalla lavorazione dell&#8217;oro all&#8217;estrusione dell&#8217;alluminio. Dal 1979 opera nella dinamica realt\u00e0 imprenditoriale del nord est in un&#8217;ottica di partnership con le imprese del territorio. LA POSIZIONE [&hellip;]","og_url":"https:\/\/www.ei-automazioni.it\/en\/lavora-con-noi-elettricista-cablatore\/","og_site_name":"Elettroimpianti","article_modified_time":"2023-02-13T18:18:42+00:00","og_image":[{"url":"https:\/\/www.ei-automazioni.it\/wp-content\/uploads\/2021\/06\/cropped-logo-def-1-1024x304.png","type":"","width":"","height":""}],"twitter_card":"summary_large_image","twitter_misc":{"Estimated reading time":"2 minutes"},"schema":{"@context":"https:\/\/schema.org","@graph":[{"@type":"WebPage","@id":"https:\/\/www.ei-automazioni.it\/lavora-con-noi-elettricista-cablatore\/","url":"https:\/\/www.ei-automazioni.it\/lavora-con-noi-elettricista-cablatore\/","name":"Lavora con noi - Elettricista cablatore - Elettroimpianti","isPartOf":{"@id":"https:\/\/www.ei-automazioni.it\/#website"},"primaryImageOfPage":{"@id":"https:\/\/www.ei-automazioni.it\/lavora-con-noi-elettricista-cablatore\/#primaryimage"},"image":{"@id":"https:\/\/www.ei-automazioni.it\/lavora-con-noi-elettricista-cablatore\/#primaryimage"},"thumbnailUrl":"https:\/\/www.ei-automazioni.it\/wp-content\/uploads\/2021\/06\/cropped-logo-def-1-1024x304.png","datePublished":"2023-02-13T18:06:54+00:00","dateModified":"2023-02-13T18:18:42+00:00","breadcrumb":{"@id":"https:\/\/www.ei-automazioni.it\/lavora-con-noi-elettricista-cablatore\/#breadcrumb"},"inLanguage":"en-GB","potentialAction":[{"@type":"ReadAction","target":["https:\/\/www.ei-automazioni.it\/lavora-con-noi-elettricista-cablatore\/"]}]},{"@type":"ImageObject","inLanguage":"en-GB","@id":"https:\/\/www.ei-automazioni.it\/lavora-con-noi-elettricista-cablatore\/#primaryimage","url":"https:\/\/www.ei-automazioni.it\/wp-content\/uploads\/2021\/06\/cropped-logo-def-1-1024x304.png","contentUrl":"https:\/\/www.ei-automazioni.it\/wp-content\/uploads\/2021\/06\/cropped-logo-def-1-1024x304.png"},{"@type":"BreadcrumbList","@id":"https:\/\/www.ei-automazioni.it\/lavora-con-noi-elettricista-cablatore\/#breadcrumb","itemListElement":[{"@type":"ListItem","position":1,"name":"Home","item":"https:\/\/www.ei-automazioni.it\/"},{"@type":"ListItem","position":2,"name":"Lavora con noi &#8211; Elettricista cablatore"}]},{"@type":"WebSite","@id":"https:\/\/www.ei-automazioni.it\/#website","url":"https:\/\/www.ei-automazioni.it\/","name":"Elettroimpianti","description":"Automazione industriale, quadri elettrici e impianti a bordo macchina","publisher":{"@id":"https:\/\/www.ei-automazioni.it\/#organization"},"potentialAction":[{"@type":"SearchAction","target":{"@type":"EntryPoint","urlTemplate":"https:\/\/www.ei-automazioni.it\/?s={search_term_string}"},"query-input":{"@type":"PropertyValueSpecification","valueRequired":true,"valueName":"search_term_string"}}],"inLanguage":"en-GB"},{"@type":"Organization","@id":"https:\/\/www.ei-automazioni.it\/#organization","name":"Elettroimpianti S.A.S. di Piovesana Giorgio & C.","url":"https:\/\/www.ei-automazioni.it\/","logo":{"@type":"ImageObject","inLanguage":"en-GB","@id":"https:\/\/www.ei-automazioni.it\/#\/schema\/logo\/image\/","url":"https:\/\/www.ei-automazioni.it\/wp-content\/uploads\/2021\/06\/cropped-logo-def-1.png","contentUrl":"https:\/\/www.ei-automazioni.it\/wp-content\/uploads\/2021\/06\/cropped-logo-def-1.png","width":1426,"height":423,"caption":"Elettroimpianti S.A.S. di Piovesana Giorgio & C."},"image":{"@id":"https:\/\/www.ei-automazioni.it\/#\/schema\/logo\/image\/"}}]}},"_links":{"self":[{"href":"https:\/\/www.ei-automazioni.it\/en\/wp-json\/wp\/v2\/pages\/1417","targetHints":{"allow":["GET"]}}],"collection":[{"href":"https:\/\/www.ei-automazioni.it\/en\/wp-json\/wp\/v2\/pages"}],"about":[{"href":"https:\/\/www.ei-automazioni.it\/en\/wp-json\/wp\/v2\/types\/page"}],"author":[{"embeddable":true,"href":"https:\/\/www.ei-automazioni.it\/en\/wp-json\/wp\/v2\/users\/2"}],"replies":[{"embeddable":true,"href":"https:\/\/www.ei-automazioni.it\/en\/wp-json\/wp\/v2\/comments?post=1417"}],"version-history":[{"count":5,"href":"https:\/\/www.ei-automazioni.it\/en\/wp-json\/wp\/v2\/pages\/1417\/revisions"}],"predecessor-version":[{"id":1422,"href":"https:\/\/www.ei-automazioni.it\/en\/wp-json\/wp\/v2\/pages\/1417\/revisions\/1422"}],"wp:attachment":[{"href":"https:\/\/www.ei-automazioni.it\/en\/wp-json\/wp\/v2\/media?parent=1417"}],"curies":[{"name":"wp","href":"https:\/\/api.w.org\/{rel}","templated":true}]}}